{"id":11,"date":"2020-04-08T21:33:03","date_gmt":"2020-04-08T19:33:03","guid":{"rendered":"http:\/\/arabica.pl\/?page_id=11"},"modified":"2024-03-02T12:34:23","modified_gmt":"2024-03-02T11:34:23","slug":"one-page-express","status":"publish","type":"page","link":"https:\/\/arabica.pl\/","title":{"rendered":"Front Page"},"content":{"rendered":"<div  id=\"overlapable-2\" style=\"background-color: #ffffff;\" data-label=\"Overlapable\" data-id=\"stripped-coloured-icon-boxes\" data-category=\"overlapable\" class=\"features-coloured-icon-boxes-section\" data-overlap=\"true\">\n<div  class=\"gridContainer\">\n<div  class=\"features-coloured-icon-boxes-innerrow flexbox-list dark-text\" data-type=\"row\">\n<div  class=\"features-coloured-icon-boxes-featurecol cp3cols\">\n<div  class=\"features-coloured-icon-boxes-iconcontainer\" data-content-item-container=\"true\"> <i  data-cp-fa=\"true\" class=\"features-coloured-icon fa fa-bolt\"><\/i><\/div>\n<h4  class=\"\">KAWA<\/h4>\n<p  class=\"\">Pijemy i to du\u017co\u2026. kawy. Dlatego na niej si\u0119 dobrze znamy, a to co najlepsze mamy w ofercie dla naszych klient\u00f3w. Jeste\u015bmy dystrybutorem kaw LAVAZZA oraz SACCARIA.&nbsp;<\/p>\n <a class=\"features-coloured-button\" href=\"http:\/\/sklep715240.shoparena.pl\/pl\/c\/SACCARIA\/15\" target=\"_self\" rel=\"noopener noreferrer\">LEARN MORE<\/a>\n\n<\/div>\n<div  class=\"features-coloured-icon-boxes-featurecol cp3cols\">\n<div  class=\"features-coloured-icon-boxes-iconcontainer\" data-content-item-container=\"true\"> <i  data-cp-fa=\"true\" class=\"features-coloured-icon fa fa-cloud\"><\/i><\/div>\n<h4  class=\"\">EKSPRESY<\/h4>\n<p  class=\"\">Dobra kawa \u2013 tylko z ekspresu. Najlepiej z tych, kt\u00f3re mamy w ofercie. Sprzedajemy w\u0142oskie SAECO oraz niemieckie NIVONA. Dla koneser\u00f3w mam specjaln\u0105 lini\u0119 szwajcarskich JURA&nbsp;<\/p>\n <a class=\"features-coloured-button\" href=\"http:\/\/sklep715240.shoparena.pl\/pl\/c\/SAECO\/18\" target=\"_self\" rel=\"noopener noreferrer\">LEARN MORE<\/a>\n\n<\/div>\n<div  class=\"features-coloured-icon-boxes-featurecol cp3cols\">\n<div  class=\"features-coloured-icon-boxes-iconcontainer\" data-content-item-container=\"true\"> <i  data-cp-fa=\"true\" class=\"features-coloured-icon fa fa-signal\"><\/i><\/div>\n<h4  class=\"\">Serwis<\/h4>\n<p  class=\"\">Niestety czasem co\u015b si\u0119 zepsuje, ale nasz zesp\u00f3\u0142 profesjonalist\u00f3w poradzi sobie z ka\u017cd\u0105 usterk\u0105. Oferujemy cykliczne us\u0142ugi konserwacji sprz\u0119tu wykonywane za pomoc\u0105 profesjonalnych produkt\u00f3w. Zapraszamy do wykupienia abonamentu konserwacji.&nbsp;<\/p>\n <a class=\"features-coloured-button\" href=\"http:\/\/sklep715240.shoparena.pl\/pl\/c\/KONSERWACJA\/16\" target=\"_self\" rel=\"noopener noreferrer\">LEARN MORE<\/a>\n\n<\/div>\n<\/div>\n<\/div>\n<\/div><div  id=\"about-1\" style=\"background-color: #f6f6f6;\" data-label=\"About\" data-id=\"about-big-images-section\" data-category=\"about\" class=\"about-big-images-section\">\n<div  class=\"gridContainer\">\n<div  class=\"about-big-images-textrow\">\n<div  class=\"about-big-images-textcol dynamic-color\" data-type=\"column\">\n<h5  class=\"\">ARABICA&nbsp;<\/h5>\n<h3  class=\"\">KAWA i EKSPRESY<\/h3>\n<p  class=\"\">Od 20 lat&nbsp; prowadzimy dystrybucj\u0119 najlepszych (naszym&nbsp; i naszych klient\u00f3w zdaniem) kaw SACCARIA i LAVAZZA oraz ekspres\u00f3w SAECO, NIVONA oraz JURA. a ofercie mamy ekspresy do domu, ma\u0142ego biura oraz du\u017cej korporacji. Profesjonalnie doradzimy najlepsze rozwi\u0105zanie dla ka\u017cdego klienta. Wi\u0119kszo\u015b\u0107 naszej oferty jest w naszym dedykowanym sklepie a w sprawie modeli profesjonalnych prosimy o kontakt<\/p>\n <a class=\"button blue big\" href=\"http:\/\/saccaria.pl\" target=\"_self\" rel=\"noopener noreferrer\">Do Sklepu<\/a>\n\n<\/div>\n<\/div>\n<\/div>\n<div  class=\"about-big-images-bottomrow\">\n<div  class=\"about-big-images-leftimgcol\"><img decoding=\"async\"  class=\"about-big-images-leftimg\" src=\"http:\/\/arabica.pl\/wp-content\/uploads\/2020\/04\/caffe-in-grani-bar-extrafino.png\"><\/div>\n<div  class=\"about-big-images-centerimgcol\"><img decoding=\"async\"  class=\"about-big-images-centerimg\" src=\"http:\/\/arabica.pl\/wp-content\/uploads\/2020\/04\/JuraZ6.png\"><\/div>\n<div  class=\"about-big-images-rightimgcol\"><img decoding=\"async\"  class=\"about-big-images-rightimg\" src=\"http:\/\/arabica.pl\/wp-content\/uploads\/2020\/04\/colombia.jpg\"><\/div>\n<\/div>\n<\/div><div  id=\"content-3\" style=\"background-color: #ffffff;\" data-label=\"Content\" data-id=\"content-image-left\" data-category=\"content\" class=\"content-left-image-section\">\n<div  class=\"gridContainer\">\n<div  class=\"row\">\n<div  class=\"content-left-image-imgcol\" data-type=\"column\"> <img decoding=\"async\"  src=\"http:\/\/arabica.pl\/wp-content\/uploads\/2020\/04\/filzankakawy.png\" class=\"\"><\/div>\n<div  class=\"content-left-image-textcol dynamic-color\" data-type=\"column\">\n<h2  class=\"\">Najlepiej robimy \u2026. ka\u017cd\u0105 fili\u017cank\u0119 kawy<\/h2>\n<p  class=\"large_text\">Kawa to nasza pasja. Pierwsza czynno\u015b\u0107 w ci\u0105gu dnia to w\u0142\u0105czenie naszego ekspresu i zaparzenie pierwszej fili\u017canki kawy. Mocnej i pachn\u0105cej.&nbsp;<\/p>\nZnamy si\u0119 na tym i dlatego sprzedajemy kaw\u0119, kt\u00f3ra sami pijemy. SACCARIA to nasza duma.\n\n<a class=\"button blue\" href=\"http:\/\/SACCARIA.PL\" target=\"_self\" rel=\"noopener noreferrer\"> LEARN MORE <\/a>\n\n<\/div>\n<\/div>\n<\/div>\n<\/div><div  id=\"testimonials-1\" style=\"background-color: #f6f6f6;\" data-label=\"Testimonials\" data-id=\"testimonials-boxed-section\" data-category=\"testimonials\" class=\"testimonials-boxed-section\">\n<div  class=\"gridContainer\">\n<div  class=\"testimonials-boxed-textcol dynamic-color\" data-type=\"column\">\n<h2  class=\"\">Chwal\u0105 nas \u2026 bo zas\u0142ugujemy<\/h2>\n<p  class=\"\">Poni\u017cej prezentujemy opinie o naszej firmie zamieszczone przez naszych klient\u00f3w w Google.<\/p>\n\n<\/div>\n<div  class=\"testimonials-boxed-itemsrow dark-text\" data-type=\"row\">\n<div  class=\"testimonials-boxed-itemcol cp4cols cp6cols-tablet\">\n<div  class=\"testimonials-boxed-itemcard\" data-type=\"column\">\n<h4  class=\"testimonials-boxed-itemtext\">Fajny sklep, \u015bwietny serwis, bardzo mi\u0142a atmosfera. Dobra podej\u015bcie do klienta. 100% polecamy..<\/h4>\n<h5  class=\"testimonials-boxed-itemname\">SONATINA DOM WESELNY<\/h5>\n<\/div>\n<\/div>\n<div  class=\"testimonials-boxed-itemcol cp4cols cp6cols-tablet\">\n<div  class=\"testimonials-boxed-itemcard\" data-type=\"column\">\n<h4  class=\"testimonials-boxed-itemtext\">Profesjonalne jak zawsze w tej firmie podej\u015bcie do klienta\u2026 Pyszna kawa, szeroki wyb\u00f3r zar\u00f3wno  kawy  , herbaty jak i urz\u0105dze\u0144 \u2026 Szeroka wiedza pracownik\u00f3w i mi\u0142e, fachowe podej\u015bcie do interesant\u00f3w.. Polecam\u2026 Bezkonkurencyjna firma je\u015bli chodzi o lubelszczyzne\u2026 Napewno tam wroce I \u017cycz\u0119 kolejnych sukces\u00f3w\u2026<\/h4>\n<img decoding=\"async\"  class=\"testimonials-boxed-itemimg\" data-size=\"500x500\" src=\"http:\/\/arabica.pl\/wp-content\/plugins\/one-page-express-companion\/theme-data\/one-page-express\/sections\/images\/face9.jpg\">\n<h5  class=\"testimonials-boxed-itemname\">Jacek W\u0142odarczyk<\/h5>\n<\/div>\n<\/div>\n<div  class=\"testimonials-boxed-itemcol cp4cols cp6cols-tablet\">\n<div  class=\"testimonials-boxed-itemcard\" data-type=\"column\">\n<h4  class=\"testimonials-boxed-itemtext\">Bardzo dobra obs\u0142uga dla lokalu gastronomicznego. \u015awietne serwisowanie sprz\u0119tu. Szybka reakcja. Serdecznie polecamy<\/h4>\n<h5  class=\"testimonials-boxed-itemname\">DW\u00d3R CHOINY<\/h5>\n<\/div>\n<\/div>\n<\/div>\n<\/div>\n<\/div><div  id=\"contact-4\" data-label=\"Contact\" data-id=\"contact-section\" data-category=\"contact\" data-bg=\"transparent\" class=\"contact-section-formsection white-text\">\n<div  class=\"gridContainer\">\n<div  class=\"row_224\">\n<div  class=\"contact-textrow\">\n<div  class=\"contact-textcol dynamic-color\">\n<h2  class=\"\">Kontakt<\/h2>\n<p  class=\"white_text\">ARABICA Mariusz D\u0105bek, Lublin, ul. Lotnicza 39<\/p>\ntel.&nbsp;81 743 98 26, mail: info@arabica.pl\n\n<\/div>\n<\/div>\n<\/div>\n<div  class=\"contact-formcol\" data-content-shortcode=\"one_page_express_contact_form shortcode=&quot;&amp;amp;lt;iframe src=&amp;amp;quot;https:\/\/www.google.com\/maps\/embed?pb=!1m18!1m12!1m3!1d2498.378455886584!2d22.581452615164913!3d51.230524579590586!2m3!1f0!2f0!3f0!3m2!1i1024!2i768!4f13.1!3m3!1m2!1s0x472257046c1960ff%3A0xa2394cc18cdd4adf!2zIkFyYWJpY2Ei!5e0!3m2!1spl!2spl!4v1586378215858!5m2!1spl!2spl&amp;amp;quot; width=&amp;amp;quot;600&amp;amp;quot; height=&amp;amp;quot;450&amp;amp;quot; frameborder=&amp;amp;quot;0&amp;amp;quot; style=&amp;amp;quot;border:0;&amp;amp;quot; allowfullscreen=&amp;amp;quot;&amp;amp;quot; aria-hidden=&amp;amp;quot;false&amp;amp;quot; tabindex=&amp;amp;quot;0&amp;amp;quot;&amp;amp;gt;&amp;amp;lt;\/iframe&amp;amp;gt;&quot;\" data-editable=\"true\">[]<\/div>\n<\/div>\n<\/div>","protected":false},"excerpt":{"rendered":"<p>KAWA Pijemy i to du\u017co\u2026. kawy. Dlatego na niej si\u0119 dobrze znamy, a to co najlepsze mamy w ofercie dla naszych klient\u00f3w. Jeste\u015bmy dystrybutorem kaw LAVAZZA oraz SACCARIA.&nbsp; LEARN MORE EKSPRESY Dobra kawa \u2013 tylko z ekspresu. Najlepiej z tych, kt\u00f3re mamy w ofercie. Sprzedajemy w\u0142oskie SAECO oraz niemieckie NIVONA. Dla koneser\u00f3w mam specjaln\u0105 lini\u0119&hellip; <br \/> <a class=\"button small blue\" href=\"https:\/\/arabica.pl\/?p=1\">Dowiedz si\u0119 wi\u0119cej<\/a><\/p>\n","protected":false},"author":1,"featured_media":0,"parent":0,"menu_order":0,"comment_status":"closed","ping_status":"closed","template":"","meta":{"footnotes":""},"class_list":["post-11","page","type-page","status-publish","hentry"],"yoast_head":"<!-- This site is optimized with the Yoast SEO plugin v27.4 - https:\/\/yoast.com\/product\/yoast-seo-wordpress\/ -->\n<title>Front Page - ARABICA najlepsza kawa ARABICA najlepsza kawa %<\/title>\n<meta name=\"robots\" content=\"index, follow, max-snippet:-1, max-image-preview:large, max-video-preview:-1\" \/>\n<link rel=\"canonical\" href=\"http:\/\/arabica.pl\/\" \/>\n<meta property=\"og:locale\" content=\"pl_PL\" \/>\n<meta property=\"og:type\" content=\"article\" \/>\n<meta property=\"og:title\" content=\"Front Page - ARABICA najlepsza kawa ARABICA najlepsza kawa %\" \/>\n<meta property=\"og:description\" content=\"KAWA Pijemy i to du\u017co\u2026. kawy. Dlatego na niej si\u0119 dobrze znamy, a to co najlepsze mamy w ofercie dla naszych klient\u00f3w. Jeste\u015bmy dystrybutorem kaw LAVAZZA oraz SACCARIA.&nbsp; LEARN MORE EKSPRESY Dobra kawa \u2013 tylko z ekspresu. Najlepiej z tych, kt\u00f3re mamy w ofercie. Sprzedajemy w\u0142oskie SAECO oraz niemieckie NIVONA. Dla koneser\u00f3w mam specjaln\u0105 lini\u0119&hellip; Dowiedz si\u0119 wi\u0119cej\" \/>\n<meta property=\"og:url\" content=\"http:\/\/arabica.pl\/\" \/>\n<meta property=\"og:site_name\" content=\"ARABICA najlepsza kawa\" \/>\n<meta property=\"article:modified_time\" content=\"2024-03-02T11:34:23+00:00\" \/>\n<meta property=\"og:image\" content=\"http:\/\/arabica.pl\/wp-content\/uploads\/2020\/04\/caffe-in-grani-bar-extrafino.png\" \/>\n<meta name=\"twitter:card\" content=\"summary_large_image\" \/>\n<meta name=\"twitter:label1\" content=\"Szacowany czas czytania\" \/>\n\t<meta name=\"twitter:data1\" content=\"3 minuty\" \/>\n<script type=\"application\/ld+json\" class=\"yoast-schema-graph\">{\"@context\":\"https:\\\/\\\/schema.org\",\"@graph\":[{\"@type\":\"WebPage\",\"@id\":\"http:\\\/\\\/arabica.pl\\\/\",\"url\":\"http:\\\/\\\/arabica.pl\\\/\",\"name\":\"Front Page - ARABICA najlepsza kawa ARABICA najlepsza kawa %\",\"isPartOf\":{\"@id\":\"http:\\\/\\\/arabica.pl\\\/#website\"},\"primaryImageOfPage\":{\"@id\":\"http:\\\/\\\/arabica.pl\\\/#primaryimage\"},\"image\":{\"@id\":\"http:\\\/\\\/arabica.pl\\\/#primaryimage\"},\"thumbnailUrl\":\"http:\\\/\\\/arabica.pl\\\/wp-content\\\/uploads\\\/2020\\\/04\\\/caffe-in-grani-bar-extrafino.png\",\"datePublished\":\"2020-04-08T19:33:03+00:00\",\"dateModified\":\"2024-03-02T11:34:23+00:00\",\"breadcrumb\":{\"@id\":\"http:\\\/\\\/arabica.pl\\\/#breadcrumb\"},\"inLanguage\":\"pl-PL\",\"potentialAction\":[{\"@type\":\"ReadAction\",\"target\":[\"http:\\\/\\\/arabica.pl\\\/\"]}]},{\"@type\":\"ImageObject\",\"inLanguage\":\"pl-PL\",\"@id\":\"http:\\\/\\\/arabica.pl\\\/#primaryimage\",\"url\":\"https:\\\/\\\/arabica.pl\\\/wp-content\\\/uploads\\\/2020\\\/04\\\/caffe-in-grani-bar-extrafino.png\",\"contentUrl\":\"https:\\\/\\\/arabica.pl\\\/wp-content\\\/uploads\\\/2020\\\/04\\\/caffe-in-grani-bar-extrafino.png\",\"width\":1000,\"height\":1000},{\"@type\":\"BreadcrumbList\",\"@id\":\"http:\\\/\\\/arabica.pl\\\/#breadcrumb\",\"itemListElement\":[{\"@type\":\"ListItem\",\"position\":1,\"name\":\"Home\",\"item\":\"http:\\\/\\\/arabica.pl\\\/\"},{\"@type\":\"ListItem\",\"position\":2,\"name\":\"Front Page\"}]},{\"@type\":\"WebSite\",\"@id\":\"http:\\\/\\\/arabica.pl\\\/#website\",\"url\":\"http:\\\/\\\/arabica.pl\\\/\",\"name\":\"ARABICA najlepsza kawa\",\"description\":\"Najlepsza kawa w Lublinie\",\"publisher\":{\"@id\":\"http:\\\/\\\/arabica.pl\\\/#organization\"},\"potentialAction\":[{\"@type\":\"SearchAction\",\"target\":{\"@type\":\"EntryPoint\",\"urlTemplate\":\"http:\\\/\\\/arabica.pl\\\/?s={search_term_string}\"},\"query-input\":{\"@type\":\"PropertyValueSpecification\",\"valueRequired\":true,\"valueName\":\"search_term_string\"}}],\"inLanguage\":\"pl-PL\"},{\"@type\":\"Organization\",\"@id\":\"http:\\\/\\\/arabica.pl\\\/#organization\",\"name\":\"ARABICA najlepsza kawa\",\"url\":\"http:\\\/\\\/arabica.pl\\\/\",\"logo\":{\"@type\":\"ImageObject\",\"inLanguage\":\"pl-PL\",\"@id\":\"http:\\\/\\\/arabica.pl\\\/#\\\/schema\\\/logo\\\/image\\\/\",\"url\":\"https:\\\/\\\/arabica.pl\\\/wp-content\\\/uploads\\\/2021\\\/10\\\/cropped-plansza-informacyjna-PFR-poziom.jpg\",\"contentUrl\":\"https:\\\/\\\/arabica.pl\\\/wp-content\\\/uploads\\\/2021\\\/10\\\/cropped-plansza-informacyjna-PFR-poziom.jpg\",\"width\":1790,\"height\":261,\"caption\":\"ARABICA najlepsza kawa\"},\"image\":{\"@id\":\"http:\\\/\\\/arabica.pl\\\/#\\\/schema\\\/logo\\\/image\\\/\"}}]}<\/script>\n<!-- \/ Yoast SEO plugin. -->","yoast_head_json":{"title":"Front Page - ARABICA najlepsza kawa ARABICA najlepsza kawa %","robots":{"index":"index","follow":"follow","max-snippet":"max-snippet:-1","max-image-preview":"max-image-preview:large","max-video-preview":"max-video-preview:-1"},"canonical":"http:\/\/arabica.pl\/","og_locale":"pl_PL","og_type":"article","og_title":"Front Page - ARABICA najlepsza kawa ARABICA najlepsza kawa %","og_description":"KAWA Pijemy i to du\u017co\u2026. kawy. Dlatego na niej si\u0119 dobrze znamy, a to co najlepsze mamy w ofercie dla naszych klient\u00f3w. Jeste\u015bmy dystrybutorem kaw LAVAZZA oraz SACCARIA.&nbsp; LEARN MORE EKSPRESY Dobra kawa \u2013 tylko z ekspresu. Najlepiej z tych, kt\u00f3re mamy w ofercie. Sprzedajemy w\u0142oskie SAECO oraz niemieckie NIVONA. Dla koneser\u00f3w mam specjaln\u0105 lini\u0119&hellip; Dowiedz si\u0119 wi\u0119cej","og_url":"http:\/\/arabica.pl\/","og_site_name":"ARABICA najlepsza kawa","article_modified_time":"2024-03-02T11:34:23+00:00","og_image":[{"url":"http:\/\/arabica.pl\/wp-content\/uploads\/2020\/04\/caffe-in-grani-bar-extrafino.png","type":"","width":"","height":""}],"twitter_card":"summary_large_image","twitter_misc":{"Szacowany czas czytania":"3 minuty"},"schema":{"@context":"https:\/\/schema.org","@graph":[{"@type":"WebPage","@id":"http:\/\/arabica.pl\/","url":"http:\/\/arabica.pl\/","name":"Front Page - ARABICA najlepsza kawa ARABICA najlepsza kawa %","isPartOf":{"@id":"http:\/\/arabica.pl\/#website"},"primaryImageOfPage":{"@id":"http:\/\/arabica.pl\/#primaryimage"},"image":{"@id":"http:\/\/arabica.pl\/#primaryimage"},"thumbnailUrl":"http:\/\/arabica.pl\/wp-content\/uploads\/2020\/04\/caffe-in-grani-bar-extrafino.png","datePublished":"2020-04-08T19:33:03+00:00","dateModified":"2024-03-02T11:34:23+00:00","breadcrumb":{"@id":"http:\/\/arabica.pl\/#breadcrumb"},"inLanguage":"pl-PL","potentialAction":[{"@type":"ReadAction","target":["http:\/\/arabica.pl\/"]}]},{"@type":"ImageObject","inLanguage":"pl-PL","@id":"http:\/\/arabica.pl\/#primaryimage","url":"https:\/\/arabica.pl\/wp-content\/uploads\/2020\/04\/caffe-in-grani-bar-extrafino.png","contentUrl":"https:\/\/arabica.pl\/wp-content\/uploads\/2020\/04\/caffe-in-grani-bar-extrafino.png","width":1000,"height":1000},{"@type":"BreadcrumbList","@id":"http:\/\/arabica.pl\/#breadcrumb","itemListElement":[{"@type":"ListItem","position":1,"name":"Home","item":"http:\/\/arabica.pl\/"},{"@type":"ListItem","position":2,"name":"Front Page"}]},{"@type":"WebSite","@id":"http:\/\/arabica.pl\/#website","url":"http:\/\/arabica.pl\/","name":"ARABICA najlepsza kawa","description":"Najlepsza kawa w Lublinie","publisher":{"@id":"http:\/\/arabica.pl\/#organization"},"potentialAction":[{"@type":"SearchAction","target":{"@type":"EntryPoint","urlTemplate":"http:\/\/arabica.pl\/?s={search_term_string}"},"query-input":{"@type":"PropertyValueSpecification","valueRequired":true,"valueName":"search_term_string"}}],"inLanguage":"pl-PL"},{"@type":"Organization","@id":"http:\/\/arabica.pl\/#organization","name":"ARABICA najlepsza kawa","url":"http:\/\/arabica.pl\/","logo":{"@type":"ImageObject","inLanguage":"pl-PL","@id":"http:\/\/arabica.pl\/#\/schema\/logo\/image\/","url":"https:\/\/arabica.pl\/wp-content\/uploads\/2021\/10\/cropped-plansza-informacyjna-PFR-poziom.jpg","contentUrl":"https:\/\/arabica.pl\/wp-content\/uploads\/2021\/10\/cropped-plansza-informacyjna-PFR-poziom.jpg","width":1790,"height":261,"caption":"ARABICA najlepsza kawa"},"image":{"@id":"http:\/\/arabica.pl\/#\/schema\/logo\/image\/"}}]}},"_links":{"self":[{"href":"https:\/\/arabica.pl\/index.php?rest_route=\/wp\/v2\/pages\/11","targetHints":{"allow":["GET"]}}],"collection":[{"href":"https:\/\/arabica.pl\/index.php?rest_route=\/wp\/v2\/pages"}],"about":[{"href":"https:\/\/arabica.pl\/index.php?rest_route=\/wp\/v2\/types\/page"}],"author":[{"embeddable":true,"href":"https:\/\/arabica.pl\/index.php?rest_route=\/wp\/v2\/users\/1"}],"replies":[{"embeddable":true,"href":"https:\/\/arabica.pl\/index.php?rest_route=%2Fwp%2Fv2%2Fcomments&post=11"}],"version-history":[{"count":23,"href":"https:\/\/arabica.pl\/index.php?rest_route=\/wp\/v2\/pages\/11\/revisions"}],"predecessor-version":[{"id":93,"href":"https:\/\/arabica.pl\/index.php?rest_route=\/wp\/v2\/pages\/11\/revisions\/93"}],"wp:attachment":[{"href":"https:\/\/arabica.pl\/index.php?rest_route=%2Fwp%2Fv2%2Fmedia&parent=11"}],"curies":[{"name":"wp","href":"https:\/\/api.w.org\/{rel}","templated":true}]}}